{"id":33,"date":"2021-09-16T20:43:25","date_gmt":"2021-09-16T20:43:25","guid":{"rendered":"https:\/\/grupocm.com.pe\/wp\/?page_id=33"},"modified":"2022-04-07T17:00:53","modified_gmt":"2022-04-07T17:00:53","slug":"nostros","status":"publish","type":"page","link":"https:\/\/grupocm.com.pe\/wp\/?page_id=33","title":{"rendered":"NOSOTROS"},"content":{"rendered":"\n<div class=\"wp-block-media-text alignwide is-stacked-on-mobile is-vertically-aligned-center\" style=\"grid-template-columns:30% auto\"><figure class=\"wp-block-media-text__media\"><img decoding=\"async\" loading=\"lazy\" width=\"1014\" height=\"264\" src=\"https:\/\/grupocm.com.pe\/wp\/wp-content\/uploads\/2021\/09\/QUIENES-SOMOS-3.png\" alt=\"\" class=\"wp-image-99 size-full\" srcset=\"https:\/\/grupocm.com.pe\/wp\/wp-content\/uploads\/2021\/09\/QUIENES-SOMOS-3.png 1014w, https:\/\/grupocm.com.pe\/wp\/wp-content\/uploads\/2021\/09\/QUIENES-SOMOS-3-300x78.png 300w, https:\/\/grupocm.com.pe\/wp\/wp-content\/uploads\/2021\/09\/QUIENES-SOMOS-3-768x200.png 768w\" sizes=\"(max-width: 1014px) 100vw, 1014px\" \/><\/figure><div class=\"wp-block-media-text__content\">\n<p style=\"font-size:15px\">GRUPO CM S.A.C. es una empresa peruana dedicada a la fabricaci\u00f3n de contometros t\u00e9rmicos, autocopiativos y bond con logo. Contamos con un equipo humano altamente capacitado, con maquinarias e insumos de alta calidad para garantizar nuestros productos y la satisfacci\u00f3n de nuestros clientes. Entrega r\u00e1pida y eficaz del producto, tambi\u00e9n realizamos env\u00edos al interior del pa\u00eds.<\/p>\n<\/div><\/div>\n\n\n\n<div style=\"height:25px\" aria-hidden=\"true\" class=\"wp-block-spacer\"><\/div>\n\n\n\n<div class=\"wp-block-media-text alignwide has-media-on-the-right is-stacked-on-mobile is-vertically-aligned-center\" style=\"grid-template-columns:auto 30%\"><figure class=\"wp-block-media-text__media\"><img decoding=\"async\" loading=\"lazy\" width=\"924\" height=\"250\" src=\"https:\/\/grupocm.com.pe\/wp\/wp-content\/uploads\/2021\/09\/MISION.png\" alt=\"\" class=\"wp-image-101 size-full\" srcset=\"https:\/\/grupocm.com.pe\/wp\/wp-content\/uploads\/2021\/09\/MISION.png 924w, https:\/\/grupocm.com.pe\/wp\/wp-content\/uploads\/2021\/09\/MISION-300x81.png 300w, https:\/\/grupocm.com.pe\/wp\/wp-content\/uploads\/2021\/09\/MISION-768x208.png 768w\" sizes=\"(max-width: 924px) 100vw, 924px\" \/><\/figure><div class=\"wp-block-media-text__content\">\n<p style=\"font-size:15px\">Ser la empresa l\u00edder del mercado, atendiendo necesidades y satisfaciendo las exigencias de nuestros clientes con productos y servicios de excelencia.<\/p>\n<\/div><\/div>\n\n\n\n<div style=\"height:25px\" aria-hidden=\"true\" class=\"wp-block-spacer\"><\/div>\n\n\n\n<div class=\"wp-block-media-text alignwide is-stacked-on-mobile is-vertically-aligned-center\" style=\"grid-template-columns:30% auto\"><figure class=\"wp-block-media-text__media\"><img decoding=\"async\" loading=\"lazy\" width=\"925\" height=\"246\" src=\"https:\/\/grupocm.com.pe\/wp\/wp-content\/uploads\/2021\/09\/VISION.png\" alt=\"\" class=\"wp-image-103 size-full\" srcset=\"https:\/\/grupocm.com.pe\/wp\/wp-content\/uploads\/2021\/09\/VISION.png 925w, https:\/\/grupocm.com.pe\/wp\/wp-content\/uploads\/2021\/09\/VISION-300x80.png 300w, https:\/\/grupocm.com.pe\/wp\/wp-content\/uploads\/2021\/09\/VISION-768x204.png 768w\" sizes=\"(max-width: 925px) 100vw, 925px\" \/><\/figure><div class=\"wp-block-media-text__content\">\n<p style=\"font-size:15px\">Fabricar y comercializar contometros (t\u00e9rmicos, autocopiativos y bond) de alta calidad, satisfaciendo la calidad de nuestros clientes a trav\u00e9s de una entrega con rapidez, eficiencia y bajos costos; priorizando la atenci\u00f3n personalizada.<\/p>\n<\/div><\/div>\n\n\n\n<div style=\"height:25px\" aria-hidden=\"true\" class=\"wp-block-spacer\"><\/div>\n\n\n\n<div class=\"wp-block-media-text alignwide has-media-on-the-right is-stacked-on-mobile\" style=\"grid-template-columns:auto 30%\"><figure class=\"wp-block-media-text__media\"><img decoding=\"async\" loading=\"lazy\" width=\"1024\" height=\"239\" src=\"https:\/\/grupocm.com.pe\/wp\/wp-content\/uploads\/2021\/09\/VALORES-1024x239.png\" alt=\"\" class=\"wp-image-107 size-full\" srcset=\"https:\/\/grupocm.com.pe\/wp\/wp-content\/uploads\/2021\/09\/VALORES-1024x239.png 1024w, https:\/\/grupocm.com.pe\/wp\/wp-content\/uploads\/2021\/09\/VALORES-300x70.png 300w, https:\/\/grupocm.com.pe\/wp\/wp-content\/uploads\/2021\/09\/VALORES-768x179.png 768w, https:\/\/grupocm.com.pe\/wp\/wp-content\/uploads\/2021\/09\/VALORES.png 1077w\" sizes=\"(max-width: 1024px) 100vw, 1024px\" \/><\/figure><div class=\"wp-block-media-text__content\">\n<div class=\"wp-block-columns is-layout-flex wp-container-4\">\n<div class=\"wp-block-column is-layout-flow\">\n<ul><li>Honestidad<\/li><li>Calidad<\/li><\/ul>\n<\/div>\n\n\n\n<div class=\"wp-block-column is-layout-flow\">\n<ul><li>Puntualidad<\/li><li>Seguridad<\/li><\/ul>\n<\/div>\n\n\n\n<div class=\"wp-block-column is-layout-flow\">\n<ul><li>Responsabilidad<\/li><li>Conciencia Ambiental<\/li><\/ul>\n<\/div>\n<\/div>\n<\/div><\/div>\n\n\n\n<h2 class=\"has-text-align-center wp-block-heading\">NUESTROS PARTNERS<\/h2>\n\n\n\n<div class=\"wp-block-columns is-layout-flex wp-container-8\">\n<div class=\"wp-block-column is-layout-flow\">\n<figure class=\"wp-block-image size-full is-style-default\"><img decoding=\"async\" loading=\"lazy\" width=\"866\" height=\"650\" src=\"https:\/\/grupocm.com.pe\/wp\/wp-content\/uploads\/2021\/10\/oji-paper-company2376.jpg\" alt=\"\" class=\"wp-image-354\" srcset=\"https:\/\/grupocm.com.pe\/wp\/wp-content\/uploads\/2021\/10\/oji-paper-company2376.jpg 866w, https:\/\/grupocm.com.pe\/wp\/wp-content\/uploads\/2021\/10\/oji-paper-company2376-300x225.jpg 300w, https:\/\/grupocm.com.pe\/wp\/wp-content\/uploads\/2021\/10\/oji-paper-company2376-768x576.jpg 768w\" sizes=\"(max-width: 866px) 100vw, 866px\" \/><\/figure>\n<\/div>\n\n\n\n<div class=\"wp-block-column is-layout-flow\">\n<figure class=\"wp-block-image size-full is-style-default\"><img decoding=\"async\" loading=\"lazy\" width=\"866\" height=\"650\" src=\"https:\/\/grupocm.com.pe\/wp\/wp-content\/uploads\/2021\/10\/D99E655-BDCC-4A6B-8CBF-BB71BCEF6658-logo-1.jpg\" alt=\"\" class=\"wp-image-421\" srcset=\"https:\/\/grupocm.com.pe\/wp\/wp-content\/uploads\/2021\/10\/D99E655-BDCC-4A6B-8CBF-BB71BCEF6658-logo-1.jpg 866w, https:\/\/grupocm.com.pe\/wp\/wp-content\/uploads\/2021\/10\/D99E655-BDCC-4A6B-8CBF-BB71BCEF6658-logo-1-300x225.jpg 300w, https:\/\/grupocm.com.pe\/wp\/wp-content\/uploads\/2021\/10\/D99E655-BDCC-4A6B-8CBF-BB71BCEF6658-logo-1-768x576.jpg 768w\" sizes=\"(max-width: 866px) 100vw, 866px\" \/><\/figure>\n<\/div>\n\n\n\n<div class=\"wp-block-column is-layout-flow\">\n<figure class=\"wp-block-image size-full is-style-default\"><img decoding=\"async\" loading=\"lazy\" width=\"866\" height=\"650\" src=\"https:\/\/grupocm.com.pe\/wp\/wp-content\/uploads\/2022\/04\/B3.png\" alt=\"\" class=\"wp-image-579\" srcset=\"https:\/\/grupocm.com.pe\/wp\/wp-content\/uploads\/2022\/04\/B3.png 866w, https:\/\/grupocm.com.pe\/wp\/wp-content\/uploads\/2022\/04\/B3-300x225.png 300w, https:\/\/grupocm.com.pe\/wp\/wp-content\/uploads\/2022\/04\/B3-768x576.png 768w\" sizes=\"(max-width: 866px) 100vw, 866px\" \/><\/figure>\n<\/div>\n<\/div>\n\n\n\n<figure class=\"wp-block-gallery aligncenter has-nested-images columns-default is-cropped wp-block-gallery-9 is-layout-flex\"><\/figure>\n","protected":false},"excerpt":{"rendered":"<p>GRUPO CM S.A.C. es una empresa peruana dedicada a la fabricaci\u00f3n de contometros t\u00e9rmicos, autocopiativos y bond con logo. Contamos con un equipo humano altamente capacitado, con maquinarias e insumos de alta calidad para garantizar nuestros productos y la satisfacci\u00f3n de nuestros clientes. Entrega r\u00e1pida y eficaz del producto, tambi\u00e9n realizamos env\u00edos al interior del [&hellip;]<\/p>\n","protected":false},"author":1,"featured_media":0,"parent":0,"menu_order":0,"comment_status":"closed","ping_status":"closed","template":"","meta":[],"_links":{"self":[{"href":"https:\/\/grupocm.com.pe\/wp\/index.php?rest_route=\/wp\/v2\/pages\/33"}],"collection":[{"href":"https:\/\/grupocm.com.pe\/wp\/index.php?rest_route=\/wp\/v2\/pages"}],"about":[{"href":"https:\/\/grupocm.com.pe\/wp\/index.php?rest_route=\/wp\/v2\/types\/page"}],"author":[{"embeddable":true,"href":"https:\/\/grupocm.com.pe\/wp\/index.php?rest_route=\/wp\/v2\/users\/1"}],"replies":[{"embeddable":true,"href":"https:\/\/grupocm.com.pe\/wp\/index.php?rest_route=%2Fwp%2Fv2%2Fcomments&post=33"}],"version-history":[{"count":42,"href":"https:\/\/grupocm.com.pe\/wp\/index.php?rest_route=\/wp\/v2\/pages\/33\/revisions"}],"predecessor-version":[{"id":580,"href":"https:\/\/grupocm.com.pe\/wp\/index.php?rest_route=\/wp\/v2\/pages\/33\/revisions\/580"}],"wp:attachment":[{"href":"https:\/\/grupocm.com.pe\/wp\/index.php?rest_route=%2Fwp%2Fv2%2Fmedia&parent=33"}],"curies":[{"name":"wp","href":"https:\/\/api.w.org\/{rel}","templated":true}]}}